{"id":1212,"date":"2025-01-08T16:44:46","date_gmt":"2025-01-08T08:44:46","guid":{"rendered":"https:\/\/blog.deepvaluer.com\/product\/dpat-queen-natural-dried-mealworms-850g\/"},"modified":"2025-01-08T16:44:46","modified_gmt":"2025-01-08T08:44:46","slug":"dpat-queen-naturliche-getrocknete-mehlwurmer-850g","status":"publish","type":"product","link":"https:\/\/www.deeptradeblog.com\/de\/erzeugnis\/dpat-queen-naturliche-getrocknete-mehlwurmer-850g\/","title":{"rendered":"Dpat Queen Natural Dried Mealworms 850g"},"content":{"rendered":"<p style=\"color: #7a7a7a;font-family: Poppins, sans-serif;font-size: 16px;font-style: normal;font-weight: 400;letter-spacing: normal;text-align: start;text-indent: 0px;text-transform: none;background-color: #ffffff\"><span style=\"color: #333333;font-family: Poppins;font-size: 25px;font-style: normal;font-weight: 400;letter-spacing: normal;text-align: left;text-indent: 0px;text-transform: none;background-color: #ffffff;float: none\">Wie zu f\u00fcttern<\/span><\/p>\n<p style=\"color: #7a7a7a;font-family: Poppins, sans-serif;font-size: 16px;font-style: normal;font-weight: 400;letter-spacing: normal;text-align: start;text-indent: 0px;text-transform: none;background-color: #ffffff\"><span style=\"color: #333333;font-family: Poppins;font-size: 25px;font-style: normal;font-weight: 400;letter-spacing: normal;text-align: left;text-indent: 0px;text-transform: none;background-color: #ffffff;float: none\"><span style=\"color: #333333;font-family: Poppins;font-size: 16px;font-style: normal;font-weight: 400;letter-spacing: normal;text-align: start;text-indent: 0px;text-transform: none;background-color: #ffffff;float: none\">Sie k\u00f6nnen Essenw\u00fcrmer zu Ihrem H\u00fchnerfutter-Mix hinzuf\u00fcgen. Der beste Weg ist, \u00fcber den Coop-Boden zu werfen und die H\u00fchner nat\u00fcrlich Futter zu lassen. Mealworms sind auch eine gute M\u00f6glichkeit, H\u00fchner zu lehren, um aus der Hand zu essen.<\/span><br style=\"color: #333333;font-family: Poppins;font-size: 16px;font-style: normal;font-weight: 400;letter-spacing: normal;text-align: start;text-indent: 0px;text-transform: none;background-color: #ffffff\"><span style=\"color: #333333;font-family: Poppins;font-size: 16px;font-style: normal;font-weight: 400;letter-spacing: normal;text-align: start;text-indent: 0px;text-transform: none;background-color: #ffffff;float: none\">Enth\u00e4lt: 53% Protein, 28% Fett, 6% Faser, 5% Feuchtigkeit.<\/span><br style=\"color: #333333;font-family: Poppins;font-size: 16px;font-style: normal;font-weight: 400;letter-spacing: normal;text-align: start;text-indent: 0px;text-transform: none;background-color: #ffffff\"><span style=\"color: #333333;font-family: Poppins;font-size: 16px;font-style: normal;font-weight: 400;letter-spacing: normal;text-align: start;text-indent: 0px;text-transform: none;background-color: #ffffff;float: none\">Sehen Sie alle unsere spannenden Paketgr\u00f6\u00dfen f\u00fcr Essensw\u00fcrmer.<\/span><\/span><\/p>\n<p style=\"color: #7a7a7a;font-family: Poppins, sans-serif;font-size: 16px;font-style: normal;font-weight: 400;letter-spacing: normal;text-align: start;text-indent: 0px;text-transform: none;background-color: #ffffff\">&nbsp;<\/p>\n<p style=\"color: #7a7a7a;font-family: Poppins, sans-serif;font-size: 16px;font-style: normal;font-weight: 400;letter-spacing: normal;text-align: start;text-indent: 0px;text-transform: none;background-color: #ffffff\"><span style=\"color: #333333;font-family: Poppins;font-size: 25px;font-style: normal;font-weight: 400;letter-spacing: normal;text-align: left;text-indent: 0px;text-transform: none;background-color: #ffffff;float: none\"><span style=\"color: #333333;font-family: Poppins;font-size: 16px;font-style: normal;font-weight: 400;letter-spacing: normal;text-align: start;text-indent: 0px;text-transform: none;background-color: #ffffff;float: none\"><span style=\"color: #333333;font-family: Poppins;font-size: 25px;font-style: normal;font-weight: 400;letter-spacing: normal;text-align: left;text-indent: 0px;text-transform: none;background-color: #ffffff;float: none\">Sind Getrocknete Mealwormen f\u00fcr H\u00fchner gut<\/span><\/span><\/span><\/p>\n<p style=\"color: #7a7a7a;font-family: Poppins, sans-serif;font-size: 16px;font-style: normal;font-weight: 400;letter-spacing: normal;text-align: start;text-indent: 0px;text-transform: none;background-color: #ffffff\"><span style=\"color: #333333;font-family: Poppins;font-size: 25px;font-style: normal;font-weight: 400;letter-spacing: normal;text-align: left;text-indent: 0px;text-transform: none;background-color: #ffffff;float: none\"><span style=\"color: #333333;font-family: Poppins;font-size: 16px;font-style: normal;font-weight: 400;letter-spacing: normal;text-align: start;text-indent: 0px;text-transform: none;background-color: #ffffff;float: none\"><span style=\"color: #333333;font-family: Poppins;font-size: 25px;font-style: normal;font-weight: 400;letter-spacing: normal;text-align: left;text-indent: 0px;text-transform: none;background-color: #ffffff;float: none\"><span style=\"color: #333333;font-family: Poppins;font-size: 16px;font-style: normal;font-weight: 400;letter-spacing: normal;text-align: start;text-indent: 0px;text-transform: none;background-color: #ffffff;float: none\">Haben Sie gerade \u00fcber Getrocknete Fleischwurms f\u00fcr H\u00fchner gelernt? Hier sind die besten Gr\u00fcnde, warum sie gut f\u00fcr Ihre H\u00fchner sind. Ein Ei zu machen erfordert eine stabile hohe Protein-Di\u00e4t. Wenn in eine gute Ern\u00e4hrung erg\u00e4nzt, Dried Natural Mealworms geben H\u00fchner all das Protein, das sie brauchen, um gesunde, leckere Eier zu machen. In der Wildnis, H\u00fchner und Wildv\u00f6gel nat\u00fcrlich, Futter f\u00fcr Insekten als Teil ihrer typischen t\u00e4glichen Nahrungsversorgung. Mealworms sind ein Leckerbissen, das H\u00fchner und Insekten essende V\u00f6gel lieben. F\u00fcr H\u00fchner und Legehennen sind sie eine gesunde Behandlung und Erg\u00e4nzung f\u00fcr die Ern\u00e4hrung Ihrer Herde. Laien Hens ben\u00f6tigen ein hohes Protein f\u00fcr gesundes Ei. Mealworms liefern das extra Protein. Sie sind auch ein ausgezeichnetes Tonikum f\u00fcr das Moulen von V\u00f6geln. Die Vorteile sind riesig rund.<\/span><\/span><\/span><\/span><\/p>\n<p style=\"color: #7a7a7a;font-family: Poppins, sans-serif;font-size: 16px;font-style: normal;font-weight: 400;letter-spacing: normal;text-align: start;text-indent: 0px;text-transform: none;background-color: #ffffff\">&nbsp;<\/p>\n<p style=\"color: #7a7a7a;font-family: Poppins, sans-serif;font-size: 16px;font-style: normal;font-weight: 400;letter-spacing: normal;text-align: start;text-indent: 0px;text-transform: none;background-color: #ffffff\"><span style=\"color: #333333;font-family: Poppins;font-size: 25px;font-style: normal;font-weight: 400;letter-spacing: normal;text-align: left;text-indent: 0px;text-transform: none;background-color: #ffffff;float: none\"><span style=\"color: #333333;font-family: Poppins;font-size: 16px;font-style: normal;font-weight: 400;letter-spacing: normal;text-align: start;text-indent: 0px;text-transform: none;background-color: #ffffff;float: none\"><span style=\"color: #333333;font-family: Poppins;font-size: 25px;font-style: normal;font-weight: 400;letter-spacing: normal;text-align: left;text-indent: 0px;text-transform: none;background-color: #ffffff;float: none\"><span style=\"color: #333333;font-family: Poppins;font-size: 16px;font-style: normal;font-weight: 400;letter-spacing: normal;text-align: start;text-indent: 0px;text-transform: none;background-color: #ffffff;float: none\"><span style=\"color: #333333;font-family: Poppins;font-size: 25px;font-style: normal;font-weight: 400;letter-spacing: normal;text-align: left;text-indent: 0px;text-transform: none;background-color: #ffffff;float: none\">Geeignet f\u00fcr<\/span><\/span><\/span><\/span><\/span><\/p>\n<p style=\"font-size: 16px;font-style: normal;font-weight: 400;letter-spacing: normal;text-align: start;text-indent: 0px;text-transform: none;margin: 0px;padding: 8px 0px;line-height: 1.8;font-family: Poppins;color: #333333;background-color: #ffffff\">\u25cf H\u00fchner und Gefl\u00fcgel<br \/>\u25cf Caged Birds<br \/>\u25cf Anziehung von Wildv\u00f6geln an Ihren Hinterhof<br \/>\u25cf Reptilien und Amphibien<br \/>\u25cf Fisch<br \/>\u25cf Einige Kampfsportarten<\/p>\n<p style=\"font-size: 16px;font-style: normal;font-weight: 400;letter-spacing: normal;text-align: start;text-indent: 0px;text-transform: none;margin: 0px;padding: 8px 0px;line-height: 1.8;font-family: Poppins;color: #333333;background-color: #ffffff\">Wichtig zu erinnern, wenn mit Getrockneten Mealworms. Stellen Sie immer sicher, dass Ihre H\u00fchner viel Wasser haben, wenn Sie einen dehydrierten oder trockenen Futtermix verwenden. Die H\u00fchner verwenden das Wasser, um die Nahrung zu erweichen und helfen in der gesunden Verdauung.<br \/>Dieses Produkt ist nicht f\u00fcr den menschlichen Verzehr.<\/p>","protected":false},"excerpt":{"rendered":"<h3 style=\"margin: 0px 0px 10px;padding: 0px;font-size: 16px;font-family: Poppins;color: #333333;font-style: normal;letter-spacing: normal;text-align: start;text-indent: 0px;text-transform: none;background-color: #ffffff\">Kurzbeschreibung:<\/h3>\n<p style=\"margin: 0px;padding: 0px;color: #333333;font-family: poppins;font-size: 16px;font-style: normal;font-weight: 400;letter-spacing: normal;text-align: start;text-indent: 0px;text-transform: none;background-color: #ffffff\">Dpat Queen Natural Dried Mealworms 850g bietet au\u00dfergew\u00f6hnlichen Wert f\u00fcr Geld. Es ist auch eine der h\u00f6chsten Proteinmehlw\u00fcrmer auf dem Markt. Tausende von getrockneten nat\u00fcrlichen Fleischwurms in einer wiederverschlie\u00dfbaren Tasche, um frisch bis zu 12 Monate zu bleiben. Mealworms sind perfekt f\u00fcr alle H\u00fchner, Wildv\u00f6gel und Reptilien, die nat\u00fcrlich Insekten in der Wildnis essen.<\/p>","protected":false},"featured_media":1209,"template":"","meta":[],"product_brand":[],"product_cat":[65],"product_tag":[69],"class_list":{"0":"post-1212","1":"product","2":"type-product","3":"status-publish","4":"has-post-thumbnail","6":"product_cat-dpatmealworm","7":"product_tag-dried-yellow-mealworm","9":"first","10":"instock","11":"shipping-taxable","12":"product-type-simple"},"_links":{"self":[{"href":"https:\/\/www.deeptradeblog.com\/de\/wp-json\/wp\/v2\/product\/1212","targetHints":{"allow":["GET"]}}],"collection":[{"href":"https:\/\/www.deeptradeblog.com\/de\/wp-json\/wp\/v2\/product"}],"about":[{"href":"https:\/\/www.deeptradeblog.com\/de\/wp-json\/wp\/v2\/types\/product"}],"version-history":[{"count":0,"href":"https:\/\/www.deeptradeblog.com\/de\/wp-json\/wp\/v2\/product\/1212\/revisions"}],"wp:featuredmedia":[{"embeddable":true,"href":"https:\/\/www.deeptradeblog.com\/de\/wp-json\/wp\/v2\/media\/1209"}],"wp:attachment":[{"href":"https:\/\/www.deeptradeblog.com\/de\/wp-json\/wp\/v2\/media?parent=1212"}],"wp:term":[{"taxonomy":"product_brand","embeddable":true,"href":"https:\/\/www.deeptradeblog.com\/de\/wp-json\/wp\/v2\/product_brand?post=1212"},{"taxonomy":"product_cat","embeddable":true,"href":"https:\/\/www.deeptradeblog.com\/de\/wp-json\/wp\/v2\/product_cat?post=1212"},{"taxonomy":"product_tag","embeddable":true,"href":"https:\/\/www.deeptradeblog.com\/de\/wp-json\/wp\/v2\/product_tag?post=1212"}],"curies":[{"name":"wp","href":"https:\/\/api.w.org\/{rel}","templated":true}]}}