{"id":1212,"date":"2025-01-08T16:44:46","date_gmt":"2025-01-08T08:44:46","guid":{"rendered":"https:\/\/blog.deepvaluer.com\/product\/dpat-queen-natural-dried-mealworms-850g\/"},"modified":"2025-01-08T16:44:46","modified_gmt":"2025-01-08T08:44:46","slug":"dpat-queen-natural-secado-gusanos-850g","status":"publish","type":"product","link":"https:\/\/www.deeptradeblog.com\/es\/producto\/dpat-queen-natural-secado-gusanos-850g\/","title":{"rendered":"Dpat Queen Natural Dried Mealworms 850g"},"content":{"rendered":"<p style=\"color: #7a7a7a;font-family: Poppins, sans-serif;font-size: 16px;font-style: normal;font-weight: 400;letter-spacing: normal;text-align: start;text-indent: 0px;text-transform: none;background-color: #ffffff\"><span style=\"color: #333333;font-family: Poppins;font-size: 25px;font-style: normal;font-weight: 400;letter-spacing: normal;text-align: left;text-indent: 0px;text-transform: none;background-color: #ffffff;float: none\">C\u00f3mo alimentar<\/span><\/p>\n<p style=\"color: #7a7a7a;font-family: Poppins, sans-serif;font-size: 16px;font-style: normal;font-weight: 400;letter-spacing: normal;text-align: start;text-indent: 0px;text-transform: none;background-color: #ffffff\"><span style=\"color: #333333;font-family: Poppins;font-size: 25px;font-style: normal;font-weight: 400;letter-spacing: normal;text-align: left;text-indent: 0px;text-transform: none;background-color: #ffffff;float: none\"><span style=\"color: #333333;font-family: Poppins;font-size: 16px;font-style: normal;font-weight: 400;letter-spacing: normal;text-align: start;text-indent: 0px;text-transform: none;background-color: #ffffff;float: none\">Puedes a\u00f1adir gusanos de comida a tu mezcla de pienso de pollo. La mejor manera es tirar a trav\u00e9s de la planta de coop y dejar que los pollos forraje naturalmente. Las mallas tambi\u00e9n son una gran manera de ense\u00f1ar pollos a comer de tu mano.<\/span><br style=\"color: #333333;font-family: Poppins;font-size: 16px;font-style: normal;font-weight: 400;letter-spacing: normal;text-align: start;text-indent: 0px;text-transform: none;background-color: #ffffff\"><span style=\"color: #333333;font-family: Poppins;font-size: 16px;font-style: normal;font-weight: 400;letter-spacing: normal;text-align: start;text-indent: 0px;text-transform: none;background-color: #ffffff;float: none\">Contiene: prote\u00edna 53%, grasa 28%, fibra 6%, humedad 5%.<\/span><br style=\"color: #333333;font-family: Poppins;font-size: 16px;font-style: normal;font-weight: 400;letter-spacing: normal;text-align: start;text-indent: 0px;text-transform: none;background-color: #ffffff\"><span style=\"color: #333333;font-family: Poppins;font-size: 16px;font-style: normal;font-weight: 400;letter-spacing: normal;text-align: start;text-indent: 0px;text-transform: none;background-color: #ffffff;float: none\">Ver todos nuestros emocionantes tama\u00f1os de paquetes para gusanos de comida.<\/span><\/span><\/p>\n<p style=\"color: #7a7a7a;font-family: Poppins, sans-serif;font-size: 16px;font-style: normal;font-weight: 400;letter-spacing: normal;text-align: start;text-indent: 0px;text-transform: none;background-color: #ffffff\">&nbsp;<\/p>\n<p style=\"color: #7a7a7a;font-family: Poppins, sans-serif;font-size: 16px;font-style: normal;font-weight: 400;letter-spacing: normal;text-align: start;text-indent: 0px;text-transform: none;background-color: #ffffff\"><span style=\"color: #333333;font-family: Poppins;font-size: 25px;font-style: normal;font-weight: 400;letter-spacing: normal;text-align: left;text-indent: 0px;text-transform: none;background-color: #ffffff;float: none\"><span style=\"color: #333333;font-family: Poppins;font-size: 16px;font-style: normal;font-weight: 400;letter-spacing: normal;text-align: start;text-indent: 0px;text-transform: none;background-color: #ffffff;float: none\"><span style=\"color: #333333;font-family: Poppins;font-size: 25px;font-style: normal;font-weight: 400;letter-spacing: normal;text-align: left;text-indent: 0px;text-transform: none;background-color: #ffffff;float: none\">Son las mallas secas para los pollos buenos<\/span><\/span><\/span><\/p>\n<p style=\"color: #7a7a7a;font-family: Poppins, sans-serif;font-size: 16px;font-style: normal;font-weight: 400;letter-spacing: normal;text-align: start;text-indent: 0px;text-transform: none;background-color: #ffffff\"><span style=\"color: #333333;font-family: Poppins;font-size: 25px;font-style: normal;font-weight: 400;letter-spacing: normal;text-align: left;text-indent: 0px;text-transform: none;background-color: #ffffff;float: none\"><span style=\"color: #333333;font-family: Poppins;font-size: 16px;font-style: normal;font-weight: 400;letter-spacing: normal;text-align: start;text-indent: 0px;text-transform: none;background-color: #ffffff;float: none\"><span style=\"color: #333333;font-family: Poppins;font-size: 25px;font-style: normal;font-weight: 400;letter-spacing: normal;text-align: left;text-indent: 0px;text-transform: none;background-color: #ffffff;float: none\"><span style=\"color: #333333;font-family: Poppins;font-size: 16px;font-style: normal;font-weight: 400;letter-spacing: normal;text-align: start;text-indent: 0px;text-transform: none;background-color: #ffffff;float: none\">\u00bfAcabas de aprender sobre los gusanos secos para pollos? Aqu\u00ed est\u00e1n las razones principales que son buenas para sus pollos. Hacer un huevo requiere una dieta estable de alta prote\u00edna. Cuando se complementa con una buena dieta, los gusanos naturales secos dan pollos toda la prote\u00edna que necesitan para hacer huevos saludables y deliciosos. En las aves silvestres, pollos y aves silvestres naturalmente, forraje para insectos como parte de su alimentaci\u00f3n diaria t\u00edpica. Los gusanos de la comida son un regalo que los pollos y las aves silvestres comen insectos aman. Para pollos y gallinas laicas, son un tratamiento saludable y suplemento para la dieta de su reba\u00f1o. Laying Las gallinas necesitan una alta prote\u00edna para producir huevos saludables. Las mallas proporcionan esa prote\u00edna extra. Tambi\u00e9n son un t\u00f3nico excelente para la mutilaci\u00f3n de aves. Los beneficios son enormes.<\/span><\/span><\/span><\/span><\/p>\n<p style=\"color: #7a7a7a;font-family: Poppins, sans-serif;font-size: 16px;font-style: normal;font-weight: 400;letter-spacing: normal;text-align: start;text-indent: 0px;text-transform: none;background-color: #ffffff\">&nbsp;<\/p>\n<p style=\"color: #7a7a7a;font-family: Poppins, sans-serif;font-size: 16px;font-style: normal;font-weight: 400;letter-spacing: normal;text-align: start;text-indent: 0px;text-transform: none;background-color: #ffffff\"><span style=\"color: #333333;font-family: Poppins;font-size: 25px;font-style: normal;font-weight: 400;letter-spacing: normal;text-align: left;text-indent: 0px;text-transform: none;background-color: #ffffff;float: none\"><span style=\"color: #333333;font-family: Poppins;font-size: 16px;font-style: normal;font-weight: 400;letter-spacing: normal;text-align: start;text-indent: 0px;text-transform: none;background-color: #ffffff;float: none\"><span style=\"color: #333333;font-family: Poppins;font-size: 25px;font-style: normal;font-weight: 400;letter-spacing: normal;text-align: left;text-indent: 0px;text-transform: none;background-color: #ffffff;float: none\"><span style=\"color: #333333;font-family: Poppins;font-size: 16px;font-style: normal;font-weight: 400;letter-spacing: normal;text-align: start;text-indent: 0px;text-transform: none;background-color: #ffffff;float: none\"><span style=\"color: #333333;font-family: Poppins;font-size: 25px;font-style: normal;font-weight: 400;letter-spacing: normal;text-align: left;text-indent: 0px;text-transform: none;background-color: #ffffff;float: none\">Adecuado para<\/span><\/span><\/span><\/span><\/span><\/p>\n<p style=\"font-size: 16px;font-style: normal;font-weight: 400;letter-spacing: normal;text-align: start;text-indent: 0px;text-transform: none;margin: 0px;padding: 8px 0px;line-height: 1.8;font-family: Poppins;color: #333333;background-color: #ffffff\">\u25cf Pollos y aves<br \/>\u25cf Aves en jaula<br \/>\u25cf Atraer aves silvestres a su patio trasero<br \/>\u25cf Reptiles y anfibios<br \/>\u25cf Pescado<br \/>\u25cf Algunos marsupiales<\/p>\n<p style=\"font-size: 16px;font-style: normal;font-weight: 400;letter-spacing: normal;text-align: start;text-indent: 0px;text-transform: none;margin: 0px;padding: 8px 0px;line-height: 1.8;font-family: Poppins;color: #333333;background-color: #ffffff\">Importante para recordar al usar las mallas secas. Siempre aseg\u00farese de que sus pollos tengan un mont\u00f3n de agua al usar cualquier mezcla de alimentaci\u00f3n deshidratada o seca. Los pollos usan el agua para suavizar la comida y ayudar en la digesti\u00f3n saludable.<br \/>Este producto no es para el consumo humano.<\/p>","protected":false},"excerpt":{"rendered":"<h3 style=\"margin: 0px 0px 10px;padding: 0px;font-size: 16px;font-family: Poppins;color: #333333;font-style: normal;letter-spacing: normal;text-align: start;text-indent: 0px;text-transform: none;background-color: #ffffff\">Descripci\u00f3n corta:<\/h3>\n<p style=\"margin: 0px;padding: 0px;color: #333333;font-family: poppins;font-size: 16px;font-style: normal;font-weight: 400;letter-spacing: normal;text-align: start;text-indent: 0px;text-transform: none;background-color: #ffffff\">Dpat Queen Natural Dried Mealworms 850g ofrece un valor excepcional para el dinero. Tambi\u00e9n es uno de los gusanos de prote\u00edna m\u00e1s altos del mercado. Miles de gusanos naturales secos en una bolsa resealable para permanecer fresco hasta 12 meses. Las mallas son perfectas para todos los pollos, aves silvestres y reptiles que naturalmente comen insectos en la naturaleza.<\/p>","protected":false},"featured_media":1209,"template":"","meta":[],"product_brand":[],"product_cat":[65],"product_tag":[69],"class_list":{"0":"post-1212","1":"product","2":"type-product","3":"status-publish","4":"has-post-thumbnail","6":"product_cat-dpatmealworm","7":"product_tag-dried-yellow-mealworm","9":"first","10":"instock","11":"shipping-taxable","12":"product-type-simple"},"_links":{"self":[{"href":"https:\/\/www.deeptradeblog.com\/es\/wp-json\/wp\/v2\/product\/1212","targetHints":{"allow":["GET"]}}],"collection":[{"href":"https:\/\/www.deeptradeblog.com\/es\/wp-json\/wp\/v2\/product"}],"about":[{"href":"https:\/\/www.deeptradeblog.com\/es\/wp-json\/wp\/v2\/types\/product"}],"version-history":[{"count":0,"href":"https:\/\/www.deeptradeblog.com\/es\/wp-json\/wp\/v2\/product\/1212\/revisions"}],"wp:featuredmedia":[{"embeddable":true,"href":"https:\/\/www.deeptradeblog.com\/es\/wp-json\/wp\/v2\/media\/1209"}],"wp:attachment":[{"href":"https:\/\/www.deeptradeblog.com\/es\/wp-json\/wp\/v2\/media?parent=1212"}],"wp:term":[{"taxonomy":"product_brand","embeddable":true,"href":"https:\/\/www.deeptradeblog.com\/es\/wp-json\/wp\/v2\/product_brand?post=1212"},{"taxonomy":"product_cat","embeddable":true,"href":"https:\/\/www.deeptradeblog.com\/es\/wp-json\/wp\/v2\/product_cat?post=1212"},{"taxonomy":"product_tag","embeddable":true,"href":"https:\/\/www.deeptradeblog.com\/es\/wp-json\/wp\/v2\/product_tag?post=1212"}],"curies":[{"name":"wp","href":"https:\/\/api.w.org\/{rel}","templated":true}]}}