{"id":1212,"date":"2025-01-08T16:44:46","date_gmt":"2025-01-08T08:44:46","guid":{"rendered":"https:\/\/blog.deepvaluer.com\/product\/dpat-queen-natural-dried-mealworms-850g\/"},"modified":"2025-01-08T16:44:46","modified_gmt":"2025-01-08T08:44:46","slug":"dpat-reine-vers-secs-naturels-850g","status":"publish","type":"product","link":"https:\/\/www.deeptradeblog.com\/fr\/produit\/dpat-reine-vers-secs-naturels-850g\/","title":{"rendered":"Dpat Queen Natural Dried Mealworms 850g"},"content":{"rendered":"<p style=\"color: #7a7a7a;font-family: Poppins, sans-serif;font-size: 16px;font-style: normal;font-weight: 400;letter-spacing: normal;text-align: start;text-indent: 0px;text-transform: none;background-color: #ffffff\"><span style=\"color: #333333;font-family: Poppins;font-size: 25px;font-style: normal;font-weight: 400;letter-spacing: normal;text-align: left;text-indent: 0px;text-transform: none;background-color: #ffffff;float: none\">Comment se nourrir<\/span><\/p>\n<p style=\"color: #7a7a7a;font-family: Poppins, sans-serif;font-size: 16px;font-style: normal;font-weight: 400;letter-spacing: normal;text-align: start;text-indent: 0px;text-transform: none;background-color: #ffffff\"><span style=\"color: #333333;font-family: Poppins;font-size: 25px;font-style: normal;font-weight: 400;letter-spacing: normal;text-align: left;text-indent: 0px;text-transform: none;background-color: #ffffff;float: none\"><span style=\"color: #333333;font-family: Poppins;font-size: 16px;font-style: normal;font-weight: 400;letter-spacing: normal;text-align: start;text-indent: 0px;text-transform: none;background-color: #ffffff;float: none\">Vous pouvez ajouter des vers de repas \u00e0 votre m\u00e9lange de poulet. La meilleure fa\u00e7on est de jeter \u00e0 travers le plancher de la coop\u00e9rative et laisser les poulets se nourrir naturellement. Les vers \u00e0 repas sont \u00e9galement un excellent moyen d'apprendre aux poulets \u00e0 manger hors de votre main.<\/span><br style=\"color: #333333;font-family: Poppins;font-size: 16px;font-style: normal;font-weight: 400;letter-spacing: normal;text-align: start;text-indent: 0px;text-transform: none;background-color: #ffffff\"><span style=\"color: #333333;font-family: Poppins;font-size: 16px;font-style: normal;font-weight: 400;letter-spacing: normal;text-align: start;text-indent: 0px;text-transform: none;background-color: #ffffff;float: none\">Contient: 53% prot\u00e9ine, 28% graisse, 6% fibre, 5% humidit\u00e9.<\/span><br style=\"color: #333333;font-family: Poppins;font-size: 16px;font-style: normal;font-weight: 400;letter-spacing: normal;text-align: start;text-indent: 0px;text-transform: none;background-color: #ffffff\"><span style=\"color: #333333;font-family: Poppins;font-size: 16px;font-style: normal;font-weight: 400;letter-spacing: normal;text-align: start;text-indent: 0px;text-transform: none;background-color: #ffffff;float: none\">Voir toutes nos tailles d'emballage passionnantes pour les vers \u00e0 repas.<\/span><\/span><\/p>\n<p style=\"color: #7a7a7a;font-family: Poppins, sans-serif;font-size: 16px;font-style: normal;font-weight: 400;letter-spacing: normal;text-align: start;text-indent: 0px;text-transform: none;background-color: #ffffff\">&nbsp;<\/p>\n<p style=\"color: #7a7a7a;font-family: Poppins, sans-serif;font-size: 16px;font-style: normal;font-weight: 400;letter-spacing: normal;text-align: start;text-indent: 0px;text-transform: none;background-color: #ffffff\"><span style=\"color: #333333;font-family: Poppins;font-size: 25px;font-style: normal;font-weight: 400;letter-spacing: normal;text-align: left;text-indent: 0px;text-transform: none;background-color: #ffffff;float: none\"><span style=\"color: #333333;font-family: Poppins;font-size: 16px;font-style: normal;font-weight: 400;letter-spacing: normal;text-align: start;text-indent: 0px;text-transform: none;background-color: #ffffff;float: none\"><span style=\"color: #333333;font-family: Poppins;font-size: 25px;font-style: normal;font-weight: 400;letter-spacing: normal;text-align: left;text-indent: 0px;text-transform: none;background-color: #ffffff;float: none\">Sont des vers \u00e0 repas s\u00e9ch\u00e9s pour les poulets bon<\/span><\/span><\/span><\/p>\n<p style=\"color: #7a7a7a;font-family: Poppins, sans-serif;font-size: 16px;font-style: normal;font-weight: 400;letter-spacing: normal;text-align: start;text-indent: 0px;text-transform: none;background-color: #ffffff\"><span style=\"color: #333333;font-family: Poppins;font-size: 25px;font-style: normal;font-weight: 400;letter-spacing: normal;text-align: left;text-indent: 0px;text-transform: none;background-color: #ffffff;float: none\"><span style=\"color: #333333;font-family: Poppins;font-size: 16px;font-style: normal;font-weight: 400;letter-spacing: normal;text-align: start;text-indent: 0px;text-transform: none;background-color: #ffffff;float: none\"><span style=\"color: #333333;font-family: Poppins;font-size: 25px;font-style: normal;font-weight: 400;letter-spacing: normal;text-align: left;text-indent: 0px;text-transform: none;background-color: #ffffff;float: none\"><span style=\"color: #333333;font-family: Poppins;font-size: 16px;font-style: normal;font-weight: 400;letter-spacing: normal;text-align: start;text-indent: 0px;text-transform: none;background-color: #ffffff;float: none\">Tu viens d'apprendre des vers \u00e0 repas s\u00e9ch\u00e9s pour les poulets ? Voici les principales raisons pour lesquelles ils sont bons pour vos poulets. Faire un oeuf n\u00e9cessite un r\u00e9gime riche en prot\u00e9ines stable. Une fois compl\u00e9t\u00e9s dans une bonne alimentation, les vers \u00e0 repas secs naturels donnent aux poulets toutes les prot\u00e9ines dont ils ont besoin pour faire des \u0153ufs sains et d\u00e9licieux. Dans la nature, les poulets et les oiseaux sauvages se nourrissent naturellement d'insectes dans le cadre de leur alimentation quotidienne typique. Les vers \u00e0 repas sont un r\u00e9gal que les poulets et les oiseaux sauvages qui mangent des insectes aiment. Pour les poulets et les poules pondeuses, ils sont un soin sain et un suppl\u00e9ment pour le r\u00e9gime alimentaire de votre troupeau. D\u00e9p\u00f4t Les poules ont besoin de prot\u00e9ines \u00e9lev\u00e9es pour produire des oeufs sains. Les vers de repas d\u00e9livrent cette prot\u00e9ine suppl\u00e9mentaire. Ils sont \u00e9galement un excellent tonique pour les oiseaux de mue. Les avantages sont \u00e9normes tout le long.<\/span><\/span><\/span><\/span><\/p>\n<p style=\"color: #7a7a7a;font-family: Poppins, sans-serif;font-size: 16px;font-style: normal;font-weight: 400;letter-spacing: normal;text-align: start;text-indent: 0px;text-transform: none;background-color: #ffffff\">&nbsp;<\/p>\n<p style=\"color: #7a7a7a;font-family: Poppins, sans-serif;font-size: 16px;font-style: normal;font-weight: 400;letter-spacing: normal;text-align: start;text-indent: 0px;text-transform: none;background-color: #ffffff\"><span style=\"color: #333333;font-family: Poppins;font-size: 25px;font-style: normal;font-weight: 400;letter-spacing: normal;text-align: left;text-indent: 0px;text-transform: none;background-color: #ffffff;float: none\"><span style=\"color: #333333;font-family: Poppins;font-size: 16px;font-style: normal;font-weight: 400;letter-spacing: normal;text-align: start;text-indent: 0px;text-transform: none;background-color: #ffffff;float: none\"><span style=\"color: #333333;font-family: Poppins;font-size: 25px;font-style: normal;font-weight: 400;letter-spacing: normal;text-align: left;text-indent: 0px;text-transform: none;background-color: #ffffff;float: none\"><span style=\"color: #333333;font-family: Poppins;font-size: 16px;font-style: normal;font-weight: 400;letter-spacing: normal;text-align: start;text-indent: 0px;text-transform: none;background-color: #ffffff;float: none\"><span style=\"color: #333333;font-family: Poppins;font-size: 25px;font-style: normal;font-weight: 400;letter-spacing: normal;text-align: left;text-indent: 0px;text-transform: none;background-color: #ffffff;float: none\">Convient pour<\/span><\/span><\/span><\/span><\/span><\/p>\n<p style=\"font-size: 16px;font-style: normal;font-weight: 400;letter-spacing: normal;text-align: start;text-indent: 0px;text-transform: none;margin: 0px;padding: 8px 0px;line-height: 1.8;font-family: Poppins;color: #333333;background-color: #ffffff\">\u25cf Poulets et volaille<br \/>\u25cf Oiseaux \u00e9lev\u00e9s<br \/>\u2219 Attirer des oiseaux sauvages dans votre jardin<br \/>\u25cf Reptiles et amphibiens<br \/>\u25cf Poissons<br \/>\u2219 Quelques marsupiaux<\/p>\n<p style=\"font-size: 16px;font-style: normal;font-weight: 400;letter-spacing: normal;text-align: start;text-indent: 0px;text-transform: none;margin: 0px;padding: 8px 0px;line-height: 1.8;font-family: Poppins;color: #333333;background-color: #ffffff\">Il est important de se souvenir de l'utilisation de vers \u00e0 repas s\u00e9ch\u00e9s. Assurez-vous toujours que vos poulets ont beaucoup d'eau lorsqu'ils utilisent un m\u00e9lange d\u00e9shydrat\u00e9 ou sec. Les poulets utilisent l'eau pour adoucir la nourriture et aider \u00e0 la digestion saine.<br \/>Ce produit n'est pas destin\u00e9 \u00e0 la consommation humaine.<\/p>","protected":false},"excerpt":{"rendered":"<h3 style=\"margin: 0px 0px 10px;padding: 0px;font-size: 16px;font-family: Poppins;color: #333333;font-style: normal;letter-spacing: normal;text-align: start;text-indent: 0px;text-transform: none;background-color: #ffffff\">Description sommaire :<\/h3>\n<p style=\"margin: 0px;padding: 0px;color: #333333;font-family: poppins;font-size: 16px;font-style: normal;font-weight: 400;letter-spacing: normal;text-align: start;text-indent: 0px;text-transform: none;background-color: #ffffff\">Dpat Queen Natural Dried Mealworms 850g offre un rapport qualit\u00e9\/prix exceptionnel. C'est aussi l'un des vers aux prot\u00e9ines les plus \u00e9lev\u00e9s sur le march\u00e9. Des milliers de vers \u00e0 repas s\u00e9ch\u00e9s naturels dans un sac refermable pour rester frais jusqu'\u00e0 12 mois. Les vers \u00e0 repas sont parfaits pour tous les poulets, oiseaux sauvages et reptiles qui mangent naturellement des insectes dans la nature.<\/p>","protected":false},"featured_media":1209,"template":"","meta":[],"product_brand":[],"product_cat":[65],"product_tag":[69],"class_list":{"0":"post-1212","1":"product","2":"type-product","3":"status-publish","4":"has-post-thumbnail","6":"product_cat-dpatmealworm","7":"product_tag-dried-yellow-mealworm","9":"first","10":"instock","11":"shipping-taxable","12":"product-type-simple"},"_links":{"self":[{"href":"https:\/\/www.deeptradeblog.com\/fr\/wp-json\/wp\/v2\/product\/1212","targetHints":{"allow":["GET"]}}],"collection":[{"href":"https:\/\/www.deeptradeblog.com\/fr\/wp-json\/wp\/v2\/product"}],"about":[{"href":"https:\/\/www.deeptradeblog.com\/fr\/wp-json\/wp\/v2\/types\/product"}],"version-history":[{"count":0,"href":"https:\/\/www.deeptradeblog.com\/fr\/wp-json\/wp\/v2\/product\/1212\/revisions"}],"wp:featuredmedia":[{"embeddable":true,"href":"https:\/\/www.deeptradeblog.com\/fr\/wp-json\/wp\/v2\/media\/1209"}],"wp:attachment":[{"href":"https:\/\/www.deeptradeblog.com\/fr\/wp-json\/wp\/v2\/media?parent=1212"}],"wp:term":[{"taxonomy":"product_brand","embeddable":true,"href":"https:\/\/www.deeptradeblog.com\/fr\/wp-json\/wp\/v2\/product_brand?post=1212"},{"taxonomy":"product_cat","embeddable":true,"href":"https:\/\/www.deeptradeblog.com\/fr\/wp-json\/wp\/v2\/product_cat?post=1212"},{"taxonomy":"product_tag","embeddable":true,"href":"https:\/\/www.deeptradeblog.com\/fr\/wp-json\/wp\/v2\/product_tag?post=1212"}],"curies":[{"name":"wp","href":"https:\/\/api.w.org\/{rel}","templated":true}]}}