{"id":1212,"date":"2025-01-08T16:44:46","date_gmt":"2025-01-08T08:44:46","guid":{"rendered":"https:\/\/blog.deepvaluer.com\/product\/dpat-queen-natural-dried-mealworms-850g\/"},"modified":"2025-01-08T16:44:46","modified_gmt":"2025-01-08T08:44:46","slug":"dpat-queen-natural-secos-farinhaworms-850g","status":"publish","type":"product","link":"https:\/\/www.deeptradeblog.com\/pt\/produto\/dpat-queen-natural-secos-farinhaworms-850g\/","title":{"rendered":"Dpat Queen Natural Dried Mealworms 850g"},"content":{"rendered":"<p style=\"color: #7a7a7a;font-family: Poppins, sans-serif;font-size: 16px;font-style: normal;font-weight: 400;letter-spacing: normal;text-align: start;text-indent: 0px;text-transform: none;background-color: #ffffff\"><span style=\"color: #333333;font-family: Poppins;font-size: 25px;font-style: normal;font-weight: 400;letter-spacing: normal;text-align: left;text-indent: 0px;text-transform: none;background-color: #ffffff;float: none\">Como se alimentar<\/span><\/p>\n<p style=\"color: #7a7a7a;font-family: Poppins, sans-serif;font-size: 16px;font-style: normal;font-weight: 400;letter-spacing: normal;text-align: start;text-indent: 0px;text-transform: none;background-color: #ffffff\"><span style=\"color: #333333;font-family: Poppins;font-size: 25px;font-style: normal;font-weight: 400;letter-spacing: normal;text-align: left;text-indent: 0px;text-transform: none;background-color: #ffffff;float: none\"><span style=\"color: #333333;font-family: Poppins;font-size: 16px;font-style: normal;font-weight: 400;letter-spacing: normal;text-align: start;text-indent: 0px;text-transform: none;background-color: #ffffff;float: none\">Voc\u00ea pode adicionar worms \u00e0 sua mistura de alimenta\u00e7\u00e3o de frango. A melhor maneira \u00e9 atirar atrav\u00e9s do piso de coop e deixar as galinhas naturalmente forragem. Mealworms tamb\u00e9m s\u00e3o uma \u00f3tima maneira de ensinar galinhas a comer fora de sua m\u00e3o.<\/span><br style=\"color: #333333;font-family: Poppins;font-size: 16px;font-style: normal;font-weight: 400;letter-spacing: normal;text-align: start;text-indent: 0px;text-transform: none;background-color: #ffffff\"><span style=\"color: #333333;font-family: Poppins;font-size: 16px;font-style: normal;font-weight: 400;letter-spacing: normal;text-align: start;text-indent: 0px;text-transform: none;background-color: #ffffff;float: none\">Cont\u00e9m: 53% prote\u00edna, 28% gordura, 6% fibra, 5% umidade.<\/span><br style=\"color: #333333;font-family: Poppins;font-size: 16px;font-style: normal;font-weight: 400;letter-spacing: normal;text-align: start;text-indent: 0px;text-transform: none;background-color: #ffffff\"><span style=\"color: #333333;font-family: Poppins;font-size: 16px;font-style: normal;font-weight: 400;letter-spacing: normal;text-align: start;text-indent: 0px;text-transform: none;background-color: #ffffff;float: none\">Veja todos os nossos emocionantes tamanhos de pacotes para as larvas.<\/span><\/span><\/p>\n<p style=\"color: #7a7a7a;font-family: Poppins, sans-serif;font-size: 16px;font-style: normal;font-weight: 400;letter-spacing: normal;text-align: start;text-indent: 0px;text-transform: none;background-color: #ffffff\">&nbsp;<\/p>\n<p style=\"color: #7a7a7a;font-family: Poppins, sans-serif;font-size: 16px;font-style: normal;font-weight: 400;letter-spacing: normal;text-align: start;text-indent: 0px;text-transform: none;background-color: #ffffff\"><span style=\"color: #333333;font-family: Poppins;font-size: 25px;font-style: normal;font-weight: 400;letter-spacing: normal;text-align: left;text-indent: 0px;text-transform: none;background-color: #ffffff;float: none\"><span style=\"color: #333333;font-family: Poppins;font-size: 16px;font-style: normal;font-weight: 400;letter-spacing: normal;text-align: start;text-indent: 0px;text-transform: none;background-color: #ffffff;float: none\"><span style=\"color: #333333;font-family: Poppins;font-size: 25px;font-style: normal;font-weight: 400;letter-spacing: normal;text-align: left;text-indent: 0px;text-transform: none;background-color: #ffffff;float: none\">S\u00e3o Mealworms secos para frangos bons<\/span><\/span><\/span><\/p>\n<p style=\"color: #7a7a7a;font-family: Poppins, sans-serif;font-size: 16px;font-style: normal;font-weight: 400;letter-spacing: normal;text-align: start;text-indent: 0px;text-transform: none;background-color: #ffffff\"><span style=\"color: #333333;font-family: Poppins;font-size: 25px;font-style: normal;font-weight: 400;letter-spacing: normal;text-align: left;text-indent: 0px;text-transform: none;background-color: #ffffff;float: none\"><span style=\"color: #333333;font-family: Poppins;font-size: 16px;font-style: normal;font-weight: 400;letter-spacing: normal;text-align: start;text-indent: 0px;text-transform: none;background-color: #ffffff;float: none\"><span style=\"color: #333333;font-family: Poppins;font-size: 25px;font-style: normal;font-weight: 400;letter-spacing: normal;text-align: left;text-indent: 0px;text-transform: none;background-color: #ffffff;float: none\"><span style=\"color: #333333;font-family: Poppins;font-size: 16px;font-style: normal;font-weight: 400;letter-spacing: normal;text-align: start;text-indent: 0px;text-transform: none;background-color: #ffffff;float: none\">Voc\u00ea acabou de aprender sobre Mealworms secos para galinhas? Aqui est\u00e3o as principais raz\u00f5es que eles s\u00e3o bons para suas galinhas. Fazer um ovo requer uma dieta de prote\u00edna alta est\u00e1vel. Quando complementado em uma boa dieta, Mealworms naturais secos d\u00e3o galinhas toda a prote\u00edna que eles precisam para fazer ovos saud\u00e1veis, deliciosos. Na natureza, galinhas e p\u00e1ssaros selvagens naturalmente, forragem para insetos como parte de seu fornecimento de alimentos di\u00e1rio t\u00edpico. As mealworms s\u00e3o um deleite que as galinhas e as aves selvagens comendo insetos amam. Para galinhas e galinhas poedeiras, eles s\u00e3o um tratamento saud\u00e1vel e suplemento para a dieta do seu rebanho. Laying As galinhas precisam de alta prote\u00edna para produzir ovos saud\u00e1veis. Mealworms entregar essa prote\u00edna extra. Eles tamb\u00e9m s\u00e3o um excelente t\u00f4nico para aves de muda. Os benef\u00edcios s\u00e3o enormes em toda a volta.<\/span><\/span><\/span><\/span><\/p>\n<p style=\"color: #7a7a7a;font-family: Poppins, sans-serif;font-size: 16px;font-style: normal;font-weight: 400;letter-spacing: normal;text-align: start;text-indent: 0px;text-transform: none;background-color: #ffffff\">&nbsp;<\/p>\n<p style=\"color: #7a7a7a;font-family: Poppins, sans-serif;font-size: 16px;font-style: normal;font-weight: 400;letter-spacing: normal;text-align: start;text-indent: 0px;text-transform: none;background-color: #ffffff\"><span style=\"color: #333333;font-family: Poppins;font-size: 25px;font-style: normal;font-weight: 400;letter-spacing: normal;text-align: left;text-indent: 0px;text-transform: none;background-color: #ffffff;float: none\"><span style=\"color: #333333;font-family: Poppins;font-size: 16px;font-style: normal;font-weight: 400;letter-spacing: normal;text-align: start;text-indent: 0px;text-transform: none;background-color: #ffffff;float: none\"><span style=\"color: #333333;font-family: Poppins;font-size: 25px;font-style: normal;font-weight: 400;letter-spacing: normal;text-align: left;text-indent: 0px;text-transform: none;background-color: #ffffff;float: none\"><span style=\"color: #333333;font-family: Poppins;font-size: 16px;font-style: normal;font-weight: 400;letter-spacing: normal;text-align: start;text-indent: 0px;text-transform: none;background-color: #ffffff;float: none\"><span style=\"color: #333333;font-family: Poppins;font-size: 25px;font-style: normal;font-weight: 400;letter-spacing: normal;text-align: left;text-indent: 0px;text-transform: none;background-color: #ffffff;float: none\">Adequado para<\/span><\/span><\/span><\/span><\/span><\/p>\n<p style=\"font-size: 16px;font-style: normal;font-weight: 400;letter-spacing: normal;text-align: start;text-indent: 0px;text-transform: none;margin: 0px;padding: 8px 0px;line-height: 1.8;font-family: Poppins;color: #333333;background-color: #ffffff\">\u25cf Frangos e Aves<br \/>\u25cf P\u00e1ssaros de gaiola<br \/>\u25cf Atrair p\u00e1ssaros selvagens para o seu quintal<br \/>\u25cf r\u00e9pteis e anf\u00edbios<br \/>\u25cf Peixe<br \/>\u25cf Alguns marsupiais<\/p>\n<p style=\"font-size: 16px;font-style: normal;font-weight: 400;letter-spacing: normal;text-align: start;text-indent: 0px;text-transform: none;margin: 0px;padding: 8px 0px;line-height: 1.8;font-family: Poppins;color: #333333;background-color: #ffffff\">Importante lembrar quando usar Mealworms secos. Certifique-se sempre que suas galinhas t\u00eam muita \u00e1gua ao usar qualquer mistura de alimentos desidratados ou secos. As galinhas usam a \u00e1gua para amolecer a comida, bem como ajudar na digest\u00e3o saud\u00e1vel.<br \/>Este produto n\u00e3o \u00e9 para consumo humano.<\/p>","protected":false},"excerpt":{"rendered":"<h3 style=\"margin: 0px 0px 10px;padding: 0px;font-size: 16px;font-family: Poppins;color: #333333;font-style: normal;letter-spacing: normal;text-align: start;text-indent: 0px;text-transform: none;background-color: #ffffff\">Descri\u00e7\u00e3o curta:<\/h3>\n<p style=\"margin: 0px;padding: 0px;color: #333333;font-family: poppins;font-size: 16px;font-style: normal;font-weight: 400;letter-spacing: normal;text-align: start;text-indent: 0px;text-transform: none;background-color: #ffffff\">Dpat Queen Natural Dried Mealworms 850g oferece valor excepcional para o dinheiro. \u00c9 tamb\u00e9m uma das mais altas larvas de prote\u00edna no mercado. Milhares de Mealworms naturais secos em um saco resealable para ficar fresco at\u00e9 12 meses. Mealworms s\u00e3o perfeitos para todas as galinhas, p\u00e1ssaros selvagens e r\u00e9pteis que naturalmente comem insetos na natureza.<\/p>","protected":false},"featured_media":1209,"template":"","meta":[],"product_brand":[],"product_cat":[65],"product_tag":[69],"class_list":{"0":"post-1212","1":"product","2":"type-product","3":"status-publish","4":"has-post-thumbnail","6":"product_cat-dpatmealworm","7":"product_tag-dried-yellow-mealworm","9":"first","10":"instock","11":"shipping-taxable","12":"product-type-simple"},"_links":{"self":[{"href":"https:\/\/www.deeptradeblog.com\/pt\/wp-json\/wp\/v2\/product\/1212","targetHints":{"allow":["GET"]}}],"collection":[{"href":"https:\/\/www.deeptradeblog.com\/pt\/wp-json\/wp\/v2\/product"}],"about":[{"href":"https:\/\/www.deeptradeblog.com\/pt\/wp-json\/wp\/v2\/types\/product"}],"version-history":[{"count":0,"href":"https:\/\/www.deeptradeblog.com\/pt\/wp-json\/wp\/v2\/product\/1212\/revisions"}],"wp:featuredmedia":[{"embeddable":true,"href":"https:\/\/www.deeptradeblog.com\/pt\/wp-json\/wp\/v2\/media\/1209"}],"wp:attachment":[{"href":"https:\/\/www.deeptradeblog.com\/pt\/wp-json\/wp\/v2\/media?parent=1212"}],"wp:term":[{"taxonomy":"product_brand","embeddable":true,"href":"https:\/\/www.deeptradeblog.com\/pt\/wp-json\/wp\/v2\/product_brand?post=1212"},{"taxonomy":"product_cat","embeddable":true,"href":"https:\/\/www.deeptradeblog.com\/pt\/wp-json\/wp\/v2\/product_cat?post=1212"},{"taxonomy":"product_tag","embeddable":true,"href":"https:\/\/www.deeptradeblog.com\/pt\/wp-json\/wp\/v2\/product_tag?post=1212"}],"curies":[{"name":"wp","href":"https:\/\/api.w.org\/{rel}","templated":true}]}}